{"id":988222,"date":"2016-12-05T16:29:56","date_gmt":"2016-12-05T13:29:56","guid":{"rendered":"https:\/\/ndtservice.ee\/home\/"},"modified":"2025-04-15T18:58:12","modified_gmt":"2025-04-15T15:58:12","slug":"home","status":"publish","type":"page","link":"https:\/\/ndtservice.ee\/ru\/","title":{"rendered":"\u0413\u043b\u0430\u0432\u043d\u0430\u044f"},"content":{"rendered":"<div class=\"vgblk-rw-wrapper limit-wrapper\">\n\n\t\t\t\t<a href=\"\/ru\/rt\/\" target=\"_self\" itemprop=\"url\" title=\"icon_1\" rel=\"noopener\">\n\t\t\t\t\t\t\t<img loading=\"lazy\" src=\"https:\/\/ndtservice.ee\/wp-content\/uploads\/2022\/07\/icon_1.png\" alt=\"icon_1\" itemprop=\"image\" height=\"65\" width=\"65\" data-link-type=\"url\" title=\"icon_1\" onerror=\"this.style.display='none'\" \/>\t\t\t\t\t\t<\/a>\n<h3>\n\t\t\t<a href=\"\/ru\/rt\/\" title=\"\u0420\u0430\u0434\u0438\u043e\u0433\u0440\u0430\u0444\u0438\u0447\u0435\u0441\u043a\u0430\u044f \u0434\u0435\u0444\u0435\u043a\u0442\u043e\u0441\u043a\u043e\u043f\u0438\u044f\" target=\"_self\" rel=\"noopener\">\n\t\u0420\u0430\u0434\u0438\u043e\u0433\u0440\u0430\u0444\u0438\u0447\u0435\u0441\u043a\u0430\u044f \u0434\u0435\u0444\u0435\u043a\u0442\u043e\u0441\u043a\u043e\u043f\u0438\u044f\n\t\t\t<\/a>\n\t<\/h3>\n\t<p>\u041f\u0440\u0438 \u043a\u043e\u043d\u0442\u0440\u043e\u043b\u0435 \u0433\u0430\u0437\u043e\u043f\u0440\u043e\u0432\u043e\u0434\u043e\u0432, \u0441\u0432\u0430\u0440\u043d\u044b\u0445 \u0441\u043e\u0435\u0434\u0438\u043d\u0435\u043d\u0438\u0439, \u043c\u0435\u0442\u0430\u043b\u043b\u043e\u043a\u043e\u043d\u0441\u0442\u0440\u0443\u043a\u0446\u0438\u0439.<\/p>\n\t\t\t\t<a href=\"\/ru\/mt\/\" target=\"_self\" itemprop=\"url\" title=\"icon_2\" rel=\"noopener\">\n\t\t\t\t\t\t\t<img loading=\"lazy\" src=\"https:\/\/ndtservice.ee\/wp-content\/uploads\/2022\/07\/icon_2.png\" alt=\"icon_2\" itemprop=\"image\" height=\"65\" width=\"65\" data-link-type=\"url\" title=\"icon_2\" onerror=\"this.style.display='none'\" \/>\t\t\t\t\t\t<\/a>\n<h3>\n\t\t\t<a href=\"\/ru\/mt\/\" title=\"\u041c\u0430\u0433\u043d\u0438\u0442\u043e\u043f\u043e\u0440\u043e\u0448\u043a\u043e\u0432\u0430\u044f \u0434\u0435\u0444\u0435\u043a\u0442\u043e\u0441\u043a\u043e\u043f\u0438\u044f\" target=\"_self\" rel=\"noopener\">\n\t\u041c\u0430\u0433\u043d\u0438\u0442\u043e\u043f\u043e\u0440\u043e\u0448\u043a\u043e\u0432\u0430\u044f \u0434\u0435\u0444\u0435\u043a\u0442\u043e\u0441\u043a\u043e\u043f\u0438\u044f\n\t\t\t<\/a>\n\t<\/h3>\n\t<p>\u0414\u043b\u044f \u043a\u043e\u043d\u0442\u0440\u043e\u043b\u044f \u043a\u0430\u0447\u0435\u0441\u0442\u0432\u0430 \u0438\u0437\u0434\u0435\u043b\u0438\u0439 \u0438\u0437 \u0444\u0435\u0440\u0440\u043e\u043c\u0430\u0433\u043d\u0438\u0442\u043d\u044b\u0445 \u043c\u0430\u0442\u0435\u0440\u0438\u0430\u043b\u043e\u0432 (\u0441\u0442\u0430\u043b\u0438, \u0447\u0443\u0433\u0443\u043d\u0430).<\/p>\n\t\t\t\t<a href=\"\/ru\/ut\/\" target=\"_self\" itemprop=\"url\" title=\"icon_3\" rel=\"noopener\">\n\t\t\t\t\t\t\t<img loading=\"lazy\" src=\"https:\/\/ndtservice.ee\/wp-content\/uploads\/2022\/07\/icon_3.png\" alt=\"icon_3\" itemprop=\"image\" height=\"65\" width=\"65\" data-link-type=\"url\" title=\"icon_3\" onerror=\"this.style.display='none'\" \/>\t\t\t\t\t\t<\/a>\n<h3>\n\t\t\t<a href=\"\/ru\/ut\/\" title=\"\u0423\u043b\u044c\u0442\u0440\u0430\u0437\u0432\u0443\u043a\u043e\u0432\u0430\u044f \u0434\u0435\u0444\u0435\u043a\u0442\u043e\u0441\u043a\u043e\u043f\u0438\u044f\" target=\"_self\" rel=\"noopener\">\n\t\u0423\u043b\u044c\u0442\u0440\u0430\u0437\u0432\u0443\u043a\u043e\u0432\u0430\u044f \u0434\u0435\u0444\u0435\u043a\u0442\u043e\u0441\u043a\u043e\u043f\u0438\u044f\n\t\t\t<\/a>\n\t<\/h3>\n\t<p>\u0414\u043b\u044f \u043f\u0435\u0440\u0432\u0438\u0447\u043d\u043e\u0433\u043e \u043a\u043e\u043d\u0442\u0440\u043e\u043b\u044f \u0441\u0432\u0430\u0440\u043d\u044b\u0445 \u0441\u043e\u0435\u0434\u0438\u043d\u0435\u043d\u0438\u0439, \u043f\u0440\u043e\u0432\u0435\u0440\u043a\u0438 \u0438\u0437\u043d\u043e\u0441\u0430 \u0442\u0440\u0443\u0431, \u043c\u0435\u0442\u0430\u043b\u043b\u043e\u043a\u043e\u043d\u0441\u0442\u0440\u0443\u043a\u0446\u0438\u0439, \u0434\u0438\u0430\u0433\u043d\u043e\u0441\u0442\u0438\u043a\u0438.<\/p>\n\t\t\t\t<a href=\"\/ru\/pt\/\" target=\"_self\" itemprop=\"url\" title=\"icon_4\" rel=\"noopener\">\n\t\t\t\t\t\t\t<img loading=\"lazy\" src=\"https:\/\/ndtservice.ee\/wp-content\/uploads\/2022\/07\/icon_4.png\" alt=\"icon_4\" itemprop=\"image\" height=\"65\" width=\"65\" data-link-type=\"url\" title=\"icon_4\" onerror=\"this.style.display='none'\" \/>\t\t\t\t\t\t<\/a>\n<h3>\n\t\t\t<a href=\"\/ru\/pt\/\" title=\"\u041a\u0430\u043f\u0438\u043b\u043b\u044f\u0440\u043d\u0430\u044f \u0434\u0435\u0444\u0435\u043a\u0442\u043e\u0441\u043a\u043e\u043f\u0438\u044f\" target=\"_self\" rel=\"noopener\">\n\t\u041a\u0430\u043f\u0438\u043b\u043b\u044f\u0440\u043d\u0430\u044f \u0434\u0435\u0444\u0435\u043a\u0442\u043e\u0441\u043a\u043e\u043f\u0438\u044f\n\t\t\t<\/a>\n\t<\/h3>\n\t<p>\u0414\u043b\u044f \u043f\u043e\u0432\u0435\u0440\u0445\u043d\u043e\u0441\u0442\u043d\u044b\u0445 \u0438 \u0432\u043d\u0443\u0442\u0440\u0435\u043d\u043d\u0438\u0445 \u043c\u0438\u043a\u0440\u043e\u0434\u0435\u0444\u0435\u043a\u0442\u043e\u0432, \u043a\u043e\u0442\u043e\u0440\u044b\u0435 \u043d\u0435 \u0432\u0438\u0434\u043d\u044b \u043d\u0435\u0432\u043e\u043e\u0440\u0443\u0436\u0435\u043d\u043d\u044b\u043c \u0433\u043b\u0430\u0437\u043e\u043c.<\/p>\n\t\t\t\t<a href=\"\/ru\/vt\/\" target=\"_self\" itemprop=\"url\" title=\"icon_5-1\" rel=\"noopener\">\n\t\t\t\t\t\t\t<img loading=\"lazy\" src=\"https:\/\/ndtservice.ee\/wp-content\/uploads\/2023\/03\/icon_5-1.png\" alt=\"icon_5-1\" itemprop=\"image\" height=\"65\" width=\"65\" data-link-type=\"url\" title=\"icon_5-1\" onerror=\"this.style.display='none'\" \/>\t\t\t\t\t\t<\/a>\n<h3>\n\t\t\t<a href=\"\/ru\/vt\/\" title=\"\u0412\u0438\u0437\u0443\u0430\u043b\u044c\u043d\u043e-\u0438\u0437\u043c\u0435\u0440\u0438\u0442\u0435\u043b\u044c\u043d\u0430\u044f \u0434\u0435\u0444\u0435\u043a\u0442\u043e\u0441\u043a\u043e\u043f\u0438\u044f\" target=\"_self\" rel=\"noopener\">\n\t\u0412\u0438\u0437\u0443\u0430\u043b\u044c\u043d\u043e-\u0438\u0437\u043c\u0435\u0440\u0438\u0442\u0435\u043b\u044c\u043d\u0430\u044f \u0434\u0435\u0444\u0435\u043a\u0442\u043e\u0441\u043a\u043e\u043f\u0438\u044f\n\t\t\t<\/a>\n\t<\/h3>\n\t<p>\u0412\u0438\u0437\u0443\u0430\u043b\u044c\u043d\u044b\u0439 \u043e\u0441\u043c\u043e\u0442\u0440 \u0438 \u043a\u043e\u043d\u0442\u0440\u043e\u043b\u044c \u043a\u0430\u0447\u0435\u0441\u0442\u0432\u0430 \u0441\u0432\u0430\u0440\u043d\u044b\u0445 \u0448\u0432\u043e\u0432, \u043f\u043e\u0434\u0433\u043e\u0442\u043e\u0432\u043a\u0438 \u0437\u0430\u0433\u043e\u0442\u043e\u0432\u043e\u043a \u043f\u043e\u0434 \u0441\u0432\u0430\u0440\u043a\u0443.<\/p>\n\t\t\t\t<a href=\"\/ru\/utt\/\" target=\"_self\" itemprop=\"url\" title=\"icon_6\" rel=\"noopener\">\n\t\t\t\t\t\t\t<img loading=\"lazy\" src=\"https:\/\/ndtservice.ee\/wp-content\/uploads\/2023\/03\/icon_6-1.png\" alt=\"icon_6\" itemprop=\"image\" height=\"65\" width=\"95\" data-link-type=\"url\" title=\"icon_6\" onerror=\"this.style.display='none'\" \/>\t\t\t\t\t\t<\/a>\n<h3>\n\t\t\t<a href=\"\/ru\/utt\/\" title=\"\u0423\u043b\u044c\u0442\u0440\u0430\u0437\u0432\u0443\u043a\u043e\u0432\u0430\u044f \u0442\u043e\u043b\u0449\u0438\u043d\u043e\u043c\u0435\u0442\u0440\u0438\u044f\" target=\"_self\" rel=\"noopener\">\n\t\u0423\u043b\u044c\u0442\u0440\u0430\u0437\u0432\u0443\u043a\u043e\u0432\u0430\u044f \u0442\u043e\u043b\u0449\u0438\u043d\u043e\u043c\u0435\u0442\u0440\u0438\u044f\n\t\t\t<\/a>\n\t<\/h3>\n\t<p>\u0418\u0441\u0441\u043b\u0435\u0434\u043e\u0432\u0430\u043d\u0438\u0435 \u0441\u0442\u0435\u043d\u043e\u043a \u0442\u0440\u0443\u0431\u043e\u043f\u0440\u043e\u0432\u043e\u0434\u043e\u0432 \u0438 \u0433\u0430\u0437\u043e\u043f\u0440\u043e\u0432\u043e\u0434\u043e\u0432, \u0440\u0435\u0437\u0435\u0440\u0432\u0443\u0430\u0440\u043e\u0432 \u0438 \u0441\u043e\u0441\u0443\u0434\u043e\u0432 \u043f\u043e\u0434 \u0434\u0430\u0432\u043b\u0435\u043d\u0438\u0435\u043c.<\/p>\n\t\t\t\t<a href=\"\/ru\/lt\/\" target=\"_self\" itemprop=\"url\" title=\"icon_7\" rel=\"noopener\">\n\t\t\t\t\t\t\t<img loading=\"lazy\" src=\"https:\/\/ndtservice.ee\/wp-content\/uploads\/2023\/03\/icon_7.png\" alt=\"icon_7\" itemprop=\"image\" height=\"65\" width=\"65\" data-link-type=\"url\" title=\"icon_7\" onerror=\"this.style.display='none'\" \/>\t\t\t\t\t\t<\/a>\n<h3>\n\t\t\t<a href=\"\/ru\/lt\/\" title=\"\u0422\u0435\u0447\u0435\u0438\u0441\u043a\u0430\u043d\u0438\u0435\" target=\"_self\" rel=\"noopener\">\n\t\u0422\u0435\u0447\u0435\u0438\u0441\u043a\u0430\u043d\u0438\u0435\n\t\t\t<\/a>\n\t<\/h3>\n\t<p>\u0414\u043b\u044f \u0432\u044b\u044f\u0432\u043b\u0435\u043d\u0438\u044f \u0441\u043a\u0432\u043e\u0437\u043d\u044b\u0445 \u0434\u0435\u0444\u0435\u043a\u0442\u043e\u0432 \u0432 \u0441\u0432\u0430\u0440\u043d\u044b\u0445 \u0441\u043e\u0435\u0434\u0438\u043d\u0435\u043d\u0438\u044f \u043b\u0438\u0441\u0442\u043e\u0432\u044b\u0445 \u043a\u043e\u043d\u0441\u0442\u0440\u0443\u043a\u0446\u0438\u0439.<\/p>\n\t\t\t\t<a href=\"\/ru\/equipment\/\" target=\"_self\" itemprop=\"url\" title=\"icon_8\" rel=\"noopener\">\n\t\t\t\t\t\t\t<img loading=\"lazy\" src=\"https:\/\/ndtservice.ee\/wp-content\/uploads\/2023\/03\/icon_8-1.png\" alt=\"icon_8\" itemprop=\"image\" height=\"65\" width=\"125\" data-link-type=\"url\" title=\"icon_8\" onerror=\"this.style.display='none'\"  sizes=\"(max-width: 768px) 100vw, 100vw\"\/>\t\t\t\t\t\t<\/a>\n<h3>\n\t\t\t<a href=\"\/ru\/equipment\/\" title=\"SIUI\" target=\"_self\" rel=\"noopener\">\n\tSIUI\n\t\t\t<\/a>\n\t<\/h3>\n\t<p>\u041f\u0440\u043e\u0444\u0435\u0441\u0441\u0438\u043e\u043d\u0430\u043b\u044c\u043d\u043e\u0435 \u043e\u0431\u043e\u0440\u0443\u0434\u043e\u0432\u0430\u043d\u0438\u0435 \u0434\u043b\u044f \u0440\u0430\u0437\u043b\u0438\u0447\u043d\u044b\u0445 \u043c\u0435\u0442\u043e\u0434\u043e\u0432 \u043d\u0435\u0440\u0430\u0437\u0440\u0443\u0448\u0430\u044e\u0449\u0435\u0433\u043e \u043a\u043e\u043d\u0442\u0440\u043e\u043b\u044f.<\/p>\n<h5>\n\t\u041a\u043e\u043c\u043f\u0430\u043d\u0438\u044f\n\t<\/h5>\n\t<h3>TESTIMIS O\u00dc<br \/>\n<strong>\u043e\u0441\u043d\u043e\u0432\u0430\u043d\u0430 \u0441\u043f\u0435\u0446\u0438\u0430\u043b\u0438\u0441\u0442\u0430\u043c\u0438<\/strong><\/h3>\n\t<p>\u043a\u043e\u0442\u043e\u0440\u044b\u0435 \u0438\u043c\u0435\u044e\u0442 \u043e\u0433\u0440\u043e\u043c\u043d\u044b\u0439 \u043e\u043f\u044b\u0442 \u0438 \u043d\u0443\u0436\u043d\u044b\u0435 \u0437\u043d\u0430\u043d\u0438\u044f \u0432 \u043e\u0431\u043b\u0430\u0441\u0442\u0438 \u043a\u043e\u043d\u0442\u0440\u043e\u043b\u044f \u043c\u0435\u0442\u0430\u043b\u043b\u0430 \u0438 \u0441\u0432\u0430\u0440\u043e\u0447\u043d\u044b\u0445 \u043f\u0440\u043e\u0446\u0435\u0441\u0441\u043e\u0432. \u0421\u043f\u0435\u0446\u0438\u0430\u043b\u0438\u0441\u0442\u044b \u0441\u0435\u0440\u0442\u0438\u0444\u0438\u0446\u0438\u0440\u043e\u0432\u0430\u043d\u044b \u0432 \u043e\u0431\u043b\u0430\u0441\u0442\u0438 \u043d\u0435\u0440\u0430\u0437\u0440\u0443\u0448\u0430\u044e\u0449\u0435\u0433\u043e \u043a\u043e\u043d\u0442\u0440\u043e\u043b\u044f \u0438 \u0438\u043c\u0435\u044e\u0442 \u0441\u043e\u043e\u0442\u0432\u0435\u0442\u0441\u0442\u0432\u0443\u044e\u0449\u0438\u0435 \u0443\u0434\u043e\u0441\u0442\u043e\u0432\u0435\u0440\u0435\u043d\u0438\u044f \u0438 \u0441\u0435\u0440\u0442\u0438\u0444\u0438\u043a\u0430\u0442\u044b \u0441\u043e\u0433\u043b\u0430\u0441\u043d\u043e \u043c\u0435\u0436\u0434\u0443\u043d\u0430\u0440\u043e\u0434\u043d\u043e\u043c\u0443 \u0441\u0442\u0430\u043d\u0434\u0430\u0440\u0442\u0443 EN ISO 9712, \u0430 \u0442\u0430\u043a\u0436\u0435 \u0438\u043c\u0435\u044e\u0442 \u043f\u0440\u0430\u0432\u043e \u043f\u0440\u043e\u0438\u0437\u0432\u043e\u0434\u0438\u0442\u044c \u0440\u0430\u0431\u043e\u0442\u044b \u043d\u0430 \u043e\u0431\u044a\u0435\u043a\u0442\u0430\u0445 \u043f\u043e\u0434 \u0434\u0430\u0432\u043b\u0435\u043d\u0438\u0435\u043c \u0441\u043e\u0433\u043b\u0430\u0441\u043d\u043e 2014\/68\/EU (PED).<\/p>\n<h2>\n\tSince 1985\n\t<\/h2>\n\t<a href=\"https:\/\/www.youtube.com\/watch?v=ICfJr7mS0rw\" target=\"_blank\" role=\"button\" rel=\"noopener\">\n\t\t\t\t\t\u0421\u043c\u043e\u0442\u0440\u0435\u0442\u044c \u0432\u0438\u0434\u0435\u043e\n\t<\/a>\n\t<h2>\u041e\u0431\u043e\u0440\u0443\u0434\u043e\u0432\u0430\u043d\u0438\u0435<br \/>\n<strong>SUIU<\/strong><\/h2>\n\t<p>NDT Service &#8212; \u043e\u0444\u0438\u0446\u0438\u0430\u043b\u044c\u043d\u044b\u0439 \u0434\u0438\u0441\u0442\u0440\u0438\u0431\u044c\u044e\u0442\u043e\u0440 \u0432 \u0415\u0432\u0440\u043e\u043f\u0435<\/p>\n<ul>\n<li>\u0414\u0435\u0444\u0435\u043a\u0442\u043e\u0441\u043a\u043e\u043f\u044b \u0434\u043b\u044f \u0440\u0435\u0430\u043b\u0438\u0437\u0430\u0446\u0438\u0438 TOFD &amp; PA<\/li>\n<li>\u0421\u043a\u0430\u043d\u0435\u0440\u044b \u0434\u043b\u044f \u0440\u0435\u0430\u043b\u0438\u0437\u0430\u0446\u0438\u0438 TOFD &amp; PA<\/li>\n<li>\u0423\u043b\u044c\u0442\u0440\u0430\u0437\u0432\u0443\u043a\u043e\u0432\u044b\u0435 \u0434\u0435\u0444\u0435\u043a\u0442\u043e\u0441\u043a\u043e\u043f\u044b<\/li>\n<li>\u0423\u043b\u044c\u0442\u0440\u0430\u0437\u0432\u0443\u043a\u043e\u0432\u044b\u0435 \u0442\u043e\u043b\u0449\u0438\u043d\u043e\u043c\u0435\u0442\u0440\u044b<\/li>\n<li>\u0423\u043b\u044c\u0442\u0440\u0430\u0437\u0432\u0443\u043a\u043e\u0432\u044b\u0435 \u043f\u0440\u0435\u043e\u0431\u0440\u0430\u0437\u043e\u0432\u0430\u0442\u0435\u043b\u0438<\/li>\n<li>\u0421\u0442\u0430\u043d\u0434\u0430\u0440\u0442\u043d\u044b\u0435 \u0438 \u043a\u0430\u043b\u0438\u0431\u0440\u043e\u0432\u043e\u0447\u043d\u044b\u0435 \u043e\u0431\u0440\u0430\u0437\u0446\u044b<\/li>\n<\/ul>\n\t<a href=\"\/ru\/equipment\/\" target=\"_self\" role=\"button\" rel=\"noopener\">\n\t\t\t\t\t\u041a\u0443\u043f\u0438\u0442\u044c\n\t<\/a>\n<h4>\n\t\u0414\u043b\u044f \u043f\u043e\u043b\u0443\u0447\u0435\u043d\u0438\u044f \u0438\u043d\u0444\u043e\u0440\u043c\u0430\u0446\u0438\u0438 \u043d\u0430\u043f\u0438\u0448\u0438\u0442\u0435 \u043d\u0430\u043c\n\t<\/h4>\n\t<p>\u041c\u044b \u0441\u0432\u044f\u0436\u0435\u043c\u0441\u044f \u0441 \u0432\u0430\u043c\u0438 \u0432 \u0431\u043b\u0438\u0436\u0430\u0439\u0448\u0435\u0435 \u0432\u0440\u0435\u043c\u044f<\/p>\n    \u041f\u043e\u043c\u043d\u0438\u0442\u0435: \u0434\u043b\u044f \u044d\u0442\u043e\u0433\u043e \u043a\u043e\u043d\u0442\u0435\u043d\u0442\u0430 \u0442\u0440\u0435\u0431\u0443\u0435\u0442\u0441\u044f JavaScript.\n        <!-- TODO: Move to Template File. -->\n\t\t\t\t\t\t\t<img loading=\"lazy\" src=\"https:\/\/ndtservice.ee\/wp-content\/uploads\/2022\/08\/photo.jpg\" alt=\"photo\" itemprop=\"image\" height=\"257\" width=\"456\" title=\"photo\" onerror=\"this.style.display='none'\"  sizes=\"(max-width: 768px) 100vw, 100vw\" srcset=\"data:image\/svg+xml;utf8,&lt;svg%20xmlns=&quot;http:\/\/www.w3.org\/2000\/svg&quot;%20viewBox=&quot;0%200%20456%20257&quot;%20height=&quot;257px&quot;%20width=&quot;456px&quot;\/&gt;\" data-srcset=\"https:\/\/ndtservice.ee\/wp-content\/uploads\/2022\/08\/photo.jpg 456w, https:\/\/ndtservice.ee\/wp-content\/uploads\/2022\/08\/photo-300x169.jpg 300w, https:\/\/ndtservice.ee\/wp-content\/uploads\/2022\/08\/photo-420x237.jpg 420w, https:\/\/ndtservice.ee\/wp-content\/uploads\/2022\/08\/photo-315x178.jpg 315w\" \/>\t\t\t\t\t\t\t\n\t<em>Projekt \u201eMetalli kvaliteedi kontrol ja diagnostika&#187;.<br \/>\nProjekti eesm\u00e4rk oli p\u00f5hivara soetamine ja innovaatilise teenuse pakkumine.<br \/>\nToetuse summa on 15 000 eurot<\/em>\n\t\t\t\t\t\t\t<img loading=\"lazy\" src=\"https:\/\/ndtservice.ee\/wp-content\/uploads\/2024\/10\/Screenshot-2024-09-05-154436-1.png\" alt=\"Screenshot 2024-09-05 154436 (1)\" itemprop=\"image\" height=\"632\" width=\"1025\" title=\"Screenshot 2024-09-05 154436 (1)\" onerror=\"this.style.display='none'\"  sizes=\"(max-width: 768px) 100vw, 100vw\" srcset=\"data:image\/svg+xml;utf8,&lt;svg%20xmlns=&quot;http:\/\/www.w3.org\/2000\/svg&quot;%20viewBox=&quot;0%200%201025%20632&quot;%20height=&quot;632px&quot;%20width=&quot;1025px&quot;\/&gt;\" data-srcset=\"https:\/\/ndtservice.ee\/wp-content\/uploads\/2024\/10\/Screenshot-2024-09-05-154436-1.png 1025w, https:\/\/ndtservice.ee\/wp-content\/uploads\/2024\/10\/Screenshot-2024-09-05-154436-1-300x185.png 300w, https:\/\/ndtservice.ee\/wp-content\/uploads\/2024\/10\/Screenshot-2024-09-05-154436-1-768x474.png 768w, https:\/\/ndtservice.ee\/wp-content\/uploads\/2024\/10\/Screenshot-2024-09-05-154436-1-630x388.png 630w, https:\/\/ndtservice.ee\/wp-content\/uploads\/2024\/10\/Screenshot-2024-09-05-154436-1-420x259.png 420w, https:\/\/ndtservice.ee\/wp-content\/uploads\/2024\/10\/Screenshot-2024-09-05-154436-1-840x518.png 840w, https:\/\/ndtservice.ee\/wp-content\/uploads\/2024\/10\/Screenshot-2024-09-05-154436-1-315x194.png 315w\" \/>\t\t\t\t\t\t\t\n\t<strong>Projekti eesm\u00e4rk<\/strong><br \/>\nProjekti eesm\u00e4rk on laiendada teenuste spektrit ja muuta teenused k\u00e4ttesaadavamaks. Peamised eesm\u00e4rkid on:\n<ul>\n<li>teostada uuringud kiiremini;<\/li>\n<li>suurendada t\u00f6\u00f6mahtu;<\/li>\n<li>v\u00e4hendada ohtlike j\u00e4\u00e4tmete hulka<b><br \/>\n<\/b><\/li>\n<\/ul>\n<p><strong>Projekti l\u00fchikokkuv\u00f5te<\/strong><\/p>\n<p>K\u00e4esoleva projekti raames plaanib Testimis O\u00dc soetada seadmeid, mis v\u00f5imaldavad laiendada teenuste spektrit ja muuta teenused k\u00e4ttesaadavamaks &#8212; see h\u00f5lmab ultraheli- ja r\u00f6ntgenuuringu meetodeid, mida saab teostada \u00f6\u00f6p\u00e4evaringselt alates rikke tuvastamisest. Soetatavate seadmetega suudab ettev\u00f5te v\u00e4hendada uuringute teostamiseks kuluvat aega ja ohtlike j\u00e4\u00e4tmete hulka. Arvestades seadmete unikaalsust, loodetakse projekti realiseerimisel siseneda ka v\u00e4listurgudele.<\/p>\n<strong>Projekti nr. 2021-2027.6.01.24-0202<\/strong><br \/>\n<strong>Projekti nimi:<\/strong>\u00a0Testimis O\u00dc projektiplaan<br \/>\n<strong>Projekti maksumus:<\/strong> 368329,50 \u20ac, toetuse maksimaalne summa 281474,79 \u20ac.<br \/>\n<strong>Projekti periood:<\/strong> 10.05.2024\u00a0&#8212;\u00a031.10.2025\n<p>Projekti toetab Euroopa Liidu Euroopa Regionaalarengu Fond \u00d5iglase \u00dclemineku Fondi vahenditest.<\/p>\n\n<\/div><!-- .vgblk-rw-wrapper -->","protected":false},"excerpt":{"rendered":"<p>\u0420\u0430\u0434\u0438\u043e\u0433\u0440\u0430\u0444\u0438\u0447\u0435\u0441\u043a\u0430\u044f \u0434\u0435\u0444\u0435\u043a\u0442\u043e\u0441\u043a\u043e\u043f\u0438\u044f \u041f\u0440\u0438 \u043a\u043e\u043d\u0442\u0440\u043e\u043b\u0435 \u0433\u0430\u0437\u043e\u043f\u0440\u043e\u0432\u043e\u0434\u043e\u0432, \u0441\u0432\u0430\u0440\u043d\u044b\u0445 \u0441\u043e\u0435\u0434\u0438\u043d\u0435\u043d\u0438\u0439, \u043c\u0435\u0442\u0430\u043b\u043b\u043e\u043a\u043e\u043d\u0441\u0442\u0440\u0443\u043a\u0446\u0438\u0439. \u041c\u0430\u0433\u043d\u0438\u0442\u043e\u043f\u043e\u0440\u043e\u0448\u043a\u043e\u0432\u0430\u044f \u0434\u0435\u0444\u0435\u043a\u0442\u043e\u0441\u043a\u043e\u043f\u0438\u044f \u0414\u043b\u044f \u043a\u043e\u043d\u0442\u0440\u043e\u043b\u044f \u043a\u0430\u0447\u0435\u0441\u0442\u0432\u0430 \u0438\u0437\u0434\u0435\u043b\u0438\u0439 \u0438\u0437 \u0444\u0435\u0440\u0440\u043e\u043c\u0430\u0433\u043d\u0438\u0442\u043d\u044b\u0445 \u043c\u0430\u0442\u0435\u0440\u0438\u0430\u043b\u043e\u0432 (\u0441\u0442\u0430\u043b\u0438, \u0447\u0443\u0433\u0443\u043d\u0430). \u0423\u043b\u044c\u0442\u0440\u0430\u0437\u0432\u0443\u043a\u043e\u0432\u0430\u044f \u0434\u0435\u0444\u0435\u043a\u0442\u043e\u0441\u043a\u043e\u043f\u0438\u044f \u0414\u043b\u044f \u043f\u0435\u0440\u0432\u0438\u0447\u043d\u043e\u0433\u043e \u043a\u043e\u043d\u0442\u0440\u043e\u043b\u044f \u0441\u0432\u0430\u0440\u043d\u044b\u0445 \u0441\u043e\u0435\u0434\u0438\u043d\u0435\u043d\u0438\u0439, \u043f\u0440\u043e\u0432\u0435\u0440\u043a\u0438 \u0438\u0437\u043d\u043e\u0441\u0430 \u0442\u0440\u0443\u0431, \u043c\u0435\u0442\u0430\u043b\u043b\u043e\u043a\u043e\u043d\u0441\u0442\u0440\u0443\u043a\u0446\u0438\u0439, \u0434\u0438\u0430\u0433\u043d\u043e\u0441\u0442\u0438\u043a\u0438. \u041a\u0430\u043f\u0438\u043b\u043b\u044f\u0440\u043d\u0430\u044f \u0434\u0435\u0444\u0435\u043a\u0442\u043e\u0441\u043a\u043e\u043f\u0438\u044f \u0414\u043b\u044f \u043f\u043e\u0432\u0435\u0440\u0445\u043d\u043e\u0441\u0442\u043d\u044b\u0445 \u0438 \u0432\u043d\u0443\u0442\u0440\u0435\u043d\u043d\u0438\u0445 \u043c\u0438\u043a\u0440\u043e\u0434\u0435\u0444\u0435\u043a\u0442\u043e\u0432, \u043a\u043e\u0442\u043e\u0440\u044b\u0435 \u043d\u0435 \u0432\u0438\u0434\u043d\u044b \u043d\u0435\u0432\u043e\u043e\u0440\u0443\u0436\u0435\u043d\u043d\u044b\u043c \u0433\u043b\u0430\u0437\u043e\u043c. \u0412\u0438\u0437\u0443\u0430\u043b\u044c\u043d\u043e-\u0438\u0437\u043c\u0435\u0440\u0438\u0442\u0435\u043b\u044c\u043d\u0430\u044f \u0434\u0435\u0444\u0435\u043a\u0442\u043e\u0441\u043a\u043e\u043f\u0438\u044f \u0412\u0438\u0437\u0443\u0430\u043b\u044c\u043d\u044b\u0439 \u043e\u0441\u043c\u043e\u0442\u0440 \u0438 \u043a\u043e\u043d\u0442\u0440\u043e\u043b\u044c \u043a\u0430\u0447\u0435\u0441\u0442\u0432\u0430 \u0441\u0432\u0430\u0440\u043d\u044b\u0445 \u0448\u0432\u043e\u0432, \u043f\u043e\u0434\u0433\u043e\u0442\u043e\u0432\u043a\u0438 \u0437\u0430\u0433\u043e\u0442\u043e\u0432\u043e\u043a \u043f\u043e\u0434&#8230;<\/p>\n","protected":false},"author":1,"featured_media":0,"parent":0,"menu_order":0,"comment_status":"closed","ping_status":"closed","template":"","meta":{"inline_featured_image":false},"_links":{"self":[{"href":"https:\/\/ndtservice.ee\/ru\/wp-json\/wp\/v2\/pages\/988222"}],"collection":[{"href":"https:\/\/ndtservice.ee\/ru\/wp-json\/wp\/v2\/pages"}],"about":[{"href":"https:\/\/ndtservice.ee\/ru\/wp-json\/wp\/v2\/types\/page"}],"author":[{"embeddable":true,"href":"https:\/\/ndtservice.ee\/ru\/wp-json\/wp\/v2\/users\/1"}],"replies":[{"embeddable":true,"href":"https:\/\/ndtservice.ee\/ru\/wp-json\/wp\/v2\/comments?post=988222"}],"version-history":[{"count":47,"href":"https:\/\/ndtservice.ee\/ru\/wp-json\/wp\/v2\/pages\/988222\/revisions"}],"predecessor-version":[{"id":991033,"href":"https:\/\/ndtservice.ee\/ru\/wp-json\/wp\/v2\/pages\/988222\/revisions\/991033"}],"wp:attachment":[{"href":"https:\/\/ndtservice.ee\/ru\/wp-json\/wp\/v2\/media?parent=988222"}],"curies":[{"name":"wp","href":"https:\/\/api.w.org\/{rel}","templated":true}]}}