{"id":11419,"date":"2016-12-05T16:29:56","date_gmt":"2016-12-05T16:29:56","guid":{"rendered":"https:\/\/nex.vamtam.com\/?page_id=11419"},"modified":"2025-04-15T18:58:21","modified_gmt":"2025-04-15T15:58:21","slug":"home","status":"publish","type":"page","link":"https:\/\/ndtservice.ee\/en\/","title":{"rendered":"Main"},"content":{"rendered":"<div class=\"vgblk-rw-wrapper limit-wrapper\">\n\n\t\t\t\t<a href=\"\/en\/rt\/\" target=\"_self\" itemprop=\"url\" title=\"icon_1\" rel=\"noopener\">\n\t\t\t\t\t\t\t<img loading=\"lazy\" src=\"https:\/\/ndtservice.ee\/wp-content\/uploads\/2022\/07\/icon_1.png\" alt=\"icon_1\" itemprop=\"image\" height=\"65\" width=\"65\" data-link-type=\"url\" title=\"icon_1\" onerror=\"this.style.display='none'\" \/>\t\t\t\t\t\t<\/a>\n<h3>\n\t\t\t<a href=\"\/en\/rt\/\" title=\"Radiographic defectoscopy\" target=\"_self\" rel=\"noopener\">\n\tRadiographic defectoscopy\n\t\t\t<\/a>\n\t<\/h3>\n\t<p>When inspecting gas pipelines, welded joints, steel structures.<\/p>\n\t\t\t\t<a href=\"\/en\/mt\/\" target=\"_self\" itemprop=\"url\" title=\"icon_2\" rel=\"noopener\">\n\t\t\t\t\t\t\t<img loading=\"lazy\" src=\"https:\/\/ndtservice.ee\/wp-content\/uploads\/2022\/07\/icon_2.png\" alt=\"icon_2\" itemprop=\"image\" height=\"65\" width=\"65\" data-link-type=\"url\" title=\"icon_2\" onerror=\"this.style.display='none'\" \/>\t\t\t\t\t\t<\/a>\n<h3>\n\t\t\t<a href=\"\/en\/mt\/\" title=\"Magnetic particle inspection\" target=\"_self\" rel=\"noopener\">\n\tMagnetic particle inspection\n\t\t\t<\/a>\n\t<\/h3>\n\t<p>Quality control of ferromagnetic materials (steel, cast iron).<\/p>\n\t\t\t\t<a href=\"\/en\/ut\/\" target=\"_self\" itemprop=\"url\" title=\"icon_3\" rel=\"noopener\">\n\t\t\t\t\t\t\t<img loading=\"lazy\" src=\"https:\/\/ndtservice.ee\/wp-content\/uploads\/2022\/07\/icon_3.png\" alt=\"icon_3\" itemprop=\"image\" height=\"65\" width=\"65\" data-link-type=\"url\" title=\"icon_3\" onerror=\"this.style.display='none'\" \/>\t\t\t\t\t\t<\/a>\n<h3>\n\t\t\t<a href=\"\/en\/ut\/\" title=\"Ultrasonic flaw detection\" target=\"_self\" rel=\"noopener\">\n\tUltrasonic flaw detection\n\t\t\t<\/a>\n\t<\/h3>\n\t<p>For primary control of welded joints, checking the wear of pipes, steel structures, diagnostics.<\/p>\n\t\t\t\t<a href=\"\/en\/pt\/\" target=\"_self\" itemprop=\"url\" title=\"icon_4\" rel=\"noopener\">\n\t\t\t\t\t\t\t<img loading=\"lazy\" src=\"https:\/\/ndtservice.ee\/wp-content\/uploads\/2022\/07\/icon_4.png\" alt=\"icon_4\" itemprop=\"image\" height=\"65\" width=\"65\" data-link-type=\"url\" title=\"icon_4\" onerror=\"this.style.display='none'\" \/>\t\t\t\t\t\t<\/a>\n<h3>\n\t\t\t<a href=\"\/en\/pt\/\" title=\"Color flaw detection\" target=\"_self\" rel=\"noopener\">\n\tColor flaw detection\n\t\t\t<\/a>\n\t<\/h3>\n\t<p>For surface and internal micro-defects that are not visible to the naked eye.<\/p>\n\t\t\t\t<a href=\"\/en\/vt\/\" target=\"_self\" itemprop=\"url\" title=\"icon_5-1\" rel=\"noopener\">\n\t\t\t\t\t\t\t<img loading=\"lazy\" src=\"https:\/\/ndtservice.ee\/wp-content\/uploads\/2023\/03\/icon_5-1.png\" alt=\"icon_5-1\" itemprop=\"image\" height=\"65\" width=\"65\" data-link-type=\"url\" title=\"icon_5-1\" onerror=\"this.style.display='none'\" \/>\t\t\t\t\t\t<\/a>\n<h3>\n\t\t\t<a href=\"\/en\/vt\/\" title=\"Visual-measurement flaw detection\" target=\"_self\" rel=\"noopener\">\n\tVisual-measurement flaw detection\n\t\t\t<\/a>\n\t<\/h3>\n\t<p>Visual inspection and quality control of welds, preparing blanks for welding.<\/p>\n\t\t\t\t<a href=\"\/en\/utt\/\" target=\"_self\" itemprop=\"url\" title=\"icon_6\" rel=\"noopener\">\n\t\t\t\t\t\t\t<img loading=\"lazy\" src=\"https:\/\/ndtservice.ee\/wp-content\/uploads\/2023\/03\/icon_6-1.png\" alt=\"icon_6\" itemprop=\"image\" height=\"65\" width=\"95\" data-link-type=\"url\" title=\"icon_6\" onerror=\"this.style.display='none'\" \/>\t\t\t\t\t\t<\/a>\n<h3>\n\t\t\t<a href=\"\/en\/utt\/\" title=\"Ultrasonic thickness gauging\" target=\"_self\" rel=\"noopener\">\n\tUltrasonic thickness gauging\n\t\t\t<\/a>\n\t<\/h3>\n\t<p>Examination of the walls of pipelines and gas pipelines, tanks and pressure vessels.<\/p>\n\t\t\t\t<a href=\"\/en\/lt\/\" target=\"_self\" itemprop=\"url\" title=\"icon_7\" rel=\"noopener\">\n\t\t\t\t\t\t\t<img loading=\"lazy\" src=\"https:\/\/ndtservice.ee\/wp-content\/uploads\/2023\/03\/icon_7.png\" alt=\"icon_7\" itemprop=\"image\" height=\"65\" width=\"65\" data-link-type=\"url\" title=\"icon_7\" onerror=\"this.style.display='none'\" \/>\t\t\t\t\t\t<\/a>\n<h3>\n\t\t\t<a href=\"\/en\/lt\/\" title=\"Leak Detection\" target=\"_self\" rel=\"noopener\">\n\tLeak Detection\n\t\t\t<\/a>\n\t<\/h3>\n\t<p>To detect through defects in the welded connections of sheet structures.<\/p>\n\t\t\t\t<a href=\"\/en\/euipment\/\" target=\"_self\" itemprop=\"url\" title=\"icon_8\" rel=\"noopener\">\n\t\t\t\t\t\t\t<img loading=\"lazy\" src=\"https:\/\/ndtservice.ee\/wp-content\/uploads\/2023\/03\/icon_8-1.png\" alt=\"icon_8\" itemprop=\"image\" height=\"65\" width=\"125\" data-link-type=\"url\" title=\"icon_8\" onerror=\"this.style.display='none'\"  sizes=\"(max-width: 768px) 100vw, 100vw\"\/>\t\t\t\t\t\t<\/a>\n<h3>\n\t\t\t<a href=\"\/en\/euipment\/\" title=\"SIUI\" target=\"_self\" rel=\"noopener\">\n\tSIUI\n\t\t\t<\/a>\n\t<\/h3>\n\t<p>Professional equipment for various methods of nondestructive testing.<\/p>\n<h5>\n\tCOMPANY\n\t<\/h5>\n\t<h2>TESTIMIS O\u00dc<br \/>\n<strong>founded by specialists<\/strong><\/h2>\n\t<p>who have vast experience and necessary knowledge in metal inspection and welding processes. The specialists are certified in the field of non-destructive testing and have the appropriate certificates and certifications according to the international standard EN ISO 9712, as well as have the right to work on objects under pressure according to 2014\/68\/EU (PED).<\/p>\n\t<a href=\"https:\/\/www.youtube.com\/watch?v=ICfJr7mS0rw\" target=\"_blank\" role=\"button\" rel=\"noopener\">\n\t\t\t\t\tWatch video\n\t<\/a>\n\t<h2>Equipment<br \/>\n<strong>SUIU<\/strong><\/h2>\n\t<p>NDT Service &#8211; Official distributor in Europe<\/p>\n<ul>\n<li>TOFD &amp; PA scanners<\/li>\n<li>Scanners for TOFD &amp; PA<\/li>\n<li>Ultrasonic flaw detectors<\/li>\n<li>Ultrasonic thickness gauges<\/li>\n<li>Ultrasonic transducers<\/li>\n<li>Reference and calibration samples<\/li>\n<\/ul>\n\t<a href=\"\/en\/euipment\/\" target=\"_self\" role=\"button\" rel=\"noopener\">\n\t\t\t\t\tBuy\n\t<\/a>\n<h4>\n\tContact us for information\n\t<\/h4>\n\t<p>We will contact you shortly<\/p>\n    Notice: JavaScript is required for this content.\n        <!-- TODO: Move to Template File. -->\n\t\t\t\t\t\t\t<img loading=\"lazy\" src=\"https:\/\/ndtservice.ee\/wp-content\/uploads\/2022\/08\/photo.jpg\" alt=\"photo\" itemprop=\"image\" height=\"257\" width=\"456\" title=\"photo\" onerror=\"this.style.display='none'\"  sizes=\"(max-width: 768px) 100vw, 100vw\" srcset=\"data:image\/svg+xml;utf8,&lt;svg%20xmlns=&quot;http:\/\/www.w3.org\/2000\/svg&quot;%20viewBox=&quot;0%200%20456%20257&quot;%20height=&quot;257px&quot;%20width=&quot;456px&quot;\/&gt;\" data-srcset=\"https:\/\/ndtservice.ee\/wp-content\/uploads\/2022\/08\/photo.jpg 456w, https:\/\/ndtservice.ee\/wp-content\/uploads\/2022\/08\/photo-300x169.jpg 300w, https:\/\/ndtservice.ee\/wp-content\/uploads\/2022\/08\/photo-420x237.jpg 420w, https:\/\/ndtservice.ee\/wp-content\/uploads\/2022\/08\/photo-315x178.jpg 315w\" \/>\t\t\t\t\t\t\t\n\t<em>Projekt \u201eMetalli kvaliteedi kontrol ja diagnostika&#8221;.<br \/>\nProjekti eesm\u00e4rk oli p\u00f5hivara soetamine ja innovaatilise teenuse pakkumine.<br \/>\nToetuse summa on 15 000 eurot<\/em>\n\t\t\t\t\t\t\t<img loading=\"lazy\" src=\"https:\/\/ndtservice.ee\/wp-content\/uploads\/2024\/10\/Screenshot-2024-09-05-154436-1.png\" alt=\"Screenshot 2024-09-05 154436 (1)\" itemprop=\"image\" height=\"632\" width=\"1025\" title=\"Screenshot 2024-09-05 154436 (1)\" onerror=\"this.style.display='none'\"  sizes=\"(max-width: 768px) 100vw, 100vw\" srcset=\"data:image\/svg+xml;utf8,&lt;svg%20xmlns=&quot;http:\/\/www.w3.org\/2000\/svg&quot;%20viewBox=&quot;0%200%201025%20632&quot;%20height=&quot;632px&quot;%20width=&quot;1025px&quot;\/&gt;\" data-srcset=\"https:\/\/ndtservice.ee\/wp-content\/uploads\/2024\/10\/Screenshot-2024-09-05-154436-1.png 1025w, https:\/\/ndtservice.ee\/wp-content\/uploads\/2024\/10\/Screenshot-2024-09-05-154436-1-300x185.png 300w, https:\/\/ndtservice.ee\/wp-content\/uploads\/2024\/10\/Screenshot-2024-09-05-154436-1-768x474.png 768w, https:\/\/ndtservice.ee\/wp-content\/uploads\/2024\/10\/Screenshot-2024-09-05-154436-1-630x388.png 630w, https:\/\/ndtservice.ee\/wp-content\/uploads\/2024\/10\/Screenshot-2024-09-05-154436-1-420x259.png 420w, https:\/\/ndtservice.ee\/wp-content\/uploads\/2024\/10\/Screenshot-2024-09-05-154436-1-840x518.png 840w, https:\/\/ndtservice.ee\/wp-content\/uploads\/2024\/10\/Screenshot-2024-09-05-154436-1-315x194.png 315w\" \/>\t\t\t\t\t\t\t\n\t<strong>Projekti eesm\u00e4rk<\/strong><br \/>\nProjekti eesm\u00e4rk on laiendada teenuste spektrit ja muuta teenused k\u00e4ttesaadavamaks. Peamised eesm\u00e4rkid on:\n<ul>\n<li>teostada uuringud kiiremini;<\/li>\n<li>suurendada t\u00f6\u00f6mahtu;<\/li>\n<li>v\u00e4hendada ohtlike j\u00e4\u00e4tmete hulka<b><br \/>\n<\/b><\/li>\n<\/ul>\n<p><strong>Projekti l\u00fchikokkuv\u00f5te<\/strong><\/p>\n<p>K\u00e4esoleva projekti raames plaanib Testimis O\u00dc soetada seadmeid, mis v\u00f5imaldavad laiendada teenuste spektrit ja muuta teenused k\u00e4ttesaadavamaks &#8211; see h\u00f5lmab ultraheli- ja r\u00f6ntgenuuringu meetodeid, mida saab teostada \u00f6\u00f6p\u00e4evaringselt alates rikke tuvastamisest. Soetatavate seadmetega suudab ettev\u00f5te v\u00e4hendada uuringute teostamiseks kuluvat aega ja ohtlike j\u00e4\u00e4tmete hulka. Arvestades seadmete unikaalsust, loodetakse projekti realiseerimisel siseneda ka v\u00e4listurgudele.<\/p>\n<strong>Projekti nr. 2021-2027.6.01.24-0202<\/strong><br \/>\n<strong>Projekti nimi:<\/strong>\u00a0Testimis O\u00dc projektiplaan<br \/>\n<strong>Projekti maksumus:<\/strong> 368329,50 \u20ac, toetuse maksimaalne summa 281474,79 \u20ac.<br \/>\n<strong>Projekti periood:<\/strong> 10.05.2024\u00a0&#8211;\u00a031.10.2025\n<p>Projekti toetab Euroopa Liidu Euroopa Regionaalarengu Fond \u00d5iglase \u00dclemineku Fondi vahenditest.<\/p>\n\n<\/div><!-- .vgblk-rw-wrapper -->","protected":false},"excerpt":{"rendered":"<p>Radiographic defectoscopy When inspecting gas pipelines, welded joints, steel structures. Magnetic particle inspection Quality control of ferromagnetic materials (steel, cast iron). Ultrasonic flaw detection For primary control of welded joints, checking the wear of pipes, steel structures, diagnostics. Color flaw detection For surface and internal micro-defects that are not visible to the naked eye. Visual-measurement&#8230;<\/p>\n","protected":false},"author":1,"featured_media":0,"parent":0,"menu_order":0,"comment_status":"closed","ping_status":"closed","template":"","meta":{"inline_featured_image":false},"_links":{"self":[{"href":"https:\/\/ndtservice.ee\/en\/wp-json\/wp\/v2\/pages\/11419"}],"collection":[{"href":"https:\/\/ndtservice.ee\/en\/wp-json\/wp\/v2\/pages"}],"about":[{"href":"https:\/\/ndtservice.ee\/en\/wp-json\/wp\/v2\/types\/page"}],"author":[{"embeddable":true,"href":"https:\/\/ndtservice.ee\/en\/wp-json\/wp\/v2\/users\/1"}],"replies":[{"embeddable":true,"href":"https:\/\/ndtservice.ee\/en\/wp-json\/wp\/v2\/comments?post=11419"}],"version-history":[{"count":26,"href":"https:\/\/ndtservice.ee\/en\/wp-json\/wp\/v2\/pages\/11419\/revisions"}],"predecessor-version":[{"id":991034,"href":"https:\/\/ndtservice.ee\/en\/wp-json\/wp\/v2\/pages\/11419\/revisions\/991034"}],"wp:attachment":[{"href":"https:\/\/ndtservice.ee\/en\/wp-json\/wp\/v2\/media?parent=11419"}],"curies":[{"name":"wp","href":"https:\/\/api.w.org\/{rel}","templated":true}]}}